{"id":35,"date":"2021-12-22T08:35:21","date_gmt":"2021-12-22T07:35:21","guid":{"rendered":"https:\/\/www.emwlegal.com\/?page_id=35"},"modified":"2022-02-14T10:55:05","modified_gmt":"2022-02-14T09:55:05","slug":"epci","status":"publish","type":"page","link":"https:\/\/www.emwlegal.com\/en\/epci\/","title":{"rendered":"EPCI"},"content":{"rendered":"<div data-elementor-type=\"wp-page\" data-elementor-id=\"35\" class=\"elementor elementor-35\" data-elementor-post-type=\"page\">\n\t\t\t\t\t\t\t\t\t<section class=\"elementor-section elementor-top-section elementor-element elementor-element-bf87ea1 elementor-section-height-min-height elementor-section-content-middle elementor-section-boxed elementor-section-height-default elementor-section-items-middle\" data-id=\"bf87ea1\" data-element_type=\"section\" data-settings=\"{&quot;background_background&quot;:&quot;classic&quot;,&quot;shape_divider_bottom&quot;:&quot;curve&quot;,&quot;shape_divider_bottom_negative&quot;:&quot;yes&quot;}\">\n\t\t\t\t\t\t\t<div class=\"elementor-background-overlay\"><\/div>\n\t\t\t\t\t\t<div class=\"elementor-shape elementor-shape-bottom\" data-negative=\"true\">\n\t\t\t<svg xmlns=\"http:\/\/www.w3.org\/2000\/svg\" viewbox=\"0 0 1000 100\" preserveaspectratio=\"none\">\n\t<path class=\"elementor-shape-fill\" d=\"M500,97C126.7,96.3,0.8,19.8,0,0v100l1000,0V1C1000,19.4,873.3,97.8,500,97z\"\/>\n<\/svg>\t\t<\/div>\n\t\t\t\t\t<div class=\"elementor-container elementor-column-gap-no\">\n\t\t\t\t\t<div class=\"elementor-column elementor-col-100 elementor-top-column elementor-element elementor-element-10acc9f\" data-id=\"10acc9f\" data-element_type=\"column\">\n\t\t\t<div class=\"elementor-widget-wrap\">\n\t\t\t\t\t\t\t\t\t<\/div>\n\t\t<\/div>\n\t\t\t\t\t\t\t<\/div>\n\t\t<\/section>\n\t\t\t\t<section class=\"elementor-section elementor-top-section elementor-element elementor-element-acab6ab elementor-section-content-middle elementor-section-boxed elementor-section-height-default elementor-section-height-default\" data-id=\"acab6ab\" data-element_type=\"section\" data-settings=\"{&quot;background_background&quot;:&quot;classic&quot;}\">\n\t\t\t\t\t\t<div class=\"elementor-container elementor-column-gap-no\">\n\t\t\t\t\t<div class=\"elementor-column elementor-col-100 elementor-top-column elementor-element elementor-element-880541d\" data-id=\"880541d\" data-element_type=\"column\">\n\t\t\t<div class=\"elementor-widget-wrap elementor-element-populated\">\n\t\t\t\t\t\t\t\t<div class=\"elementor-element elementor-element-554586e elementor-widget__width-auto elementor-widget elementor-widget-image\" data-id=\"554586e\" data-element_type=\"widget\" data-widget_type=\"image.default\">\n\t\t\t\t<div class=\"elementor-widget-container\">\n\t\t\t<style>\/*! elementor - v3.17.0 - 25-10-2023 *\/\n.elementor-widget-image{text-align:center}.elementor-widget-image a{display:inline-block}.elementor-widget-image a img[src$=\".svg\"]{width:48px}.elementor-widget-image img{vertical-align:middle;display:inline-block}<\/style>\t\t\t\t\t\t\t\t\t\t\t\t<img decoding=\"async\" width=\"256\" height=\"256\" src=\"https:\/\/www.emwlegal.com\/wp-content\/uploads\/2021\/12\/favicon.png\" class=\"attachment-large size-large wp-image-27\" alt=\"\" srcset=\"https:\/\/www.emwlegal.com\/wp-content\/uploads\/2021\/12\/favicon.png 256w, https:\/\/www.emwlegal.com\/wp-content\/uploads\/2021\/12\/favicon-150x150.png 150w, https:\/\/www.emwlegal.com\/wp-content\/uploads\/2021\/12\/favicon-12x12.png 12w\" sizes=\"(max-width: 256px) 100vw, 256px\" \/>\t\t\t\t\t\t\t\t\t\t\t\t\t\t\t<\/div>\n\t\t\t\t<\/div>\n\t\t\t\t<div class=\"elementor-element elementor-element-954cbc9 elementor-widget__width-auto elementor-widget elementor-widget-heading\" data-id=\"954cbc9\" data-element_type=\"widget\" data-widget_type=\"heading.default\">\n\t\t\t\t<div class=\"elementor-widget-container\">\n\t\t\t<style>\/*! elementor - v3.17.0 - 25-10-2023 *\/\n.elementor-heading-title{padding:0;margin:0;line-height:1}.elementor-widget-heading .elementor-heading-title[class*=elementor-size-]>a{color:inherit;font-size:inherit;line-height:inherit}.elementor-widget-heading .elementor-heading-title.elementor-size-small{font-size:15px}.elementor-widget-heading .elementor-heading-title.elementor-size-medium{font-size:19px}.elementor-widget-heading .elementor-heading-title.elementor-size-large{font-size:29px}.elementor-widget-heading .elementor-heading-title.elementor-size-xl{font-size:39px}.elementor-widget-heading .elementor-heading-title.elementor-size-xxl{font-size:59px}<\/style><h2 class=\"elementor-heading-title elementor-size-default\">EPCI (Engineering, Procurement, Construction and Installation)<\/h2>\t\t<\/div>\n\t\t\t\t<\/div>\n\t\t\t\t<div class=\"elementor-element elementor-element-118ef3a elementor-widget-tablet__width-inherit elementor-invisible elementor-widget elementor-widget-text-editor\" data-id=\"118ef3a\" data-element_type=\"widget\" data-settings=\"{&quot;_animation&quot;:&quot;fadeInUp&quot;}\" data-widget_type=\"text-editor.default\">\n\t\t\t\t<div class=\"elementor-widget-container\">\n\t\t\t<style>\/*! elementor - v3.17.0 - 25-10-2023 *\/\n.elementor-widget-text-editor.elementor-drop-cap-view-stacked .elementor-drop-cap{background-color:#69727d;color:#fff}.elementor-widget-text-editor.elementor-drop-cap-view-framed .elementor-drop-cap{color:#69727d;border:3px solid;background-color:transparent}.elementor-widget-text-editor:not(.elementor-drop-cap-view-default) .elementor-drop-cap{margin-top:8px}.elementor-widget-text-editor:not(.elementor-drop-cap-view-default) .elementor-drop-cap-letter{width:1em;height:1em}.elementor-widget-text-editor .elementor-drop-cap{float:left;text-align:center;line-height:1;font-size:50px}.elementor-widget-text-editor .elementor-drop-cap-letter{display:inline-block}<\/style>\t\t\t\t<p id=\"E150\" class=\"x-scope qowt-word-para-1\"><span id=\"E151\">Under an EPCI contract the contractor shall deliver and install a complete plant to the client in need of a turnkey solution for production at site. Hence the EPCI contract is also referred to as a \u201cTurnkey Contract\u201d. Under a EPCI contract the contractor shall deliver the plant to a guaranteed price at a fixed date and the plant shall fulfil certain defined performance criterias. Typically a shortcoming in relation to the foregoing will lead to the contractor being liable to pay liquidated damages. The EPCI contractor coordinates all design, procurement and construction works and ensures that the entire project is delivered in accordance with what has been agreed and on time. The contractor will from time to time also commit to perform certain site works and may undertake installation works.<\/span><\/p><p id=\"E154\" class=\"x-scope qowt-word-para-1\"><span id=\"E155\">EMW has since 2003 worked with EPC and EPCI contracts such as the templates provided by FIDIC and has deep knowledge of the various models available in the industry for these types of contracts. FIDIC is one of the leading global contract templates used for major construction projects. In Sweden we have noticed a steady increase in the use of FIDIC based contracts, perhaps due to the global footprint of the FIDIC templates and that users have become more aware of the fact that FIDIC at times is more fit for purpose than its Nordic equivalent templates.<\/span><\/p><p id=\"E158\" class=\"x-scope qowt-word-para-1\"><span id=\"E159\">For questions regarding FIDIC and EPC(I) contracts please feel free to contact Mattias Westerlund on +46709100758 (mw@emwlegal.com) <a href=\"tel:46709100758\">+46709100758<\/a><\/span><\/p>\t\t\t\t\t\t<\/div>\n\t\t\t\t<\/div>\n\t\t\t\t\t<\/div>\n\t\t<\/div>\n\t\t\t\t\t\t\t<\/div>\n\t\t<\/section>\n\t\t\t\t\t\t\t<\/div>","protected":false},"excerpt":{"rendered":"<p>EPCI (Engineering, Procurement, Construction and Installation) Under ett EPCI kontrakt skall entrepren\u00f6ren leverera en komplett anl\u00e4ggning till en best\u00e4llare som beh\u00f6ver en nyckelf\u00e4rdig l\u00f6sning f\u00f6r produktion vid site. H\u00e4rav kallas \u00e4ven EPCI kontrakt f\u00f6r \u201dTurnkey Contracts\u201d. Under ett EPCI kontrakt skall entrepren\u00f6ren leverera anl\u00e4ggningen till ett garanterat pris till ett fast datum och anl\u00e4ggningen skall [&hellip;]<\/p>","protected":false},"author":1,"featured_media":0,"parent":0,"menu_order":0,"comment_status":"closed","ping_status":"closed","template":"","meta":{"_seopress_robots_primary_cat":"","footnotes":""},"Pagecategories":[],"class_list":["post-35","page","type-page","status-publish","hentry"],"_links":{"self":[{"href":"https:\/\/www.emwlegal.com\/en\/wp-json\/wp\/v2\/pages\/35","targetHints":{"allow":["GET"]}}],"collection":[{"href":"https:\/\/www.emwlegal.com\/en\/wp-json\/wp\/v2\/pages"}],"about":[{"href":"https:\/\/www.emwlegal.com\/en\/wp-json\/wp\/v2\/types\/page"}],"author":[{"embeddable":true,"href":"https:\/\/www.emwlegal.com\/en\/wp-json\/wp\/v2\/users\/1"}],"replies":[{"embeddable":true,"href":"https:\/\/www.emwlegal.com\/en\/wp-json\/wp\/v2\/comments?post=35"}],"version-history":[{"count":5,"href":"https:\/\/www.emwlegal.com\/en\/wp-json\/wp\/v2\/pages\/35\/revisions"}],"predecessor-version":[{"id":486,"href":"https:\/\/www.emwlegal.com\/en\/wp-json\/wp\/v2\/pages\/35\/revisions\/486"}],"wp:attachment":[{"href":"https:\/\/www.emwlegal.com\/en\/wp-json\/wp\/v2\/media?parent=35"}],"wp:term":[{"taxonomy":"Pagecategories","embeddable":true,"href":"https:\/\/www.emwlegal.com\/en\/wp-json\/wp\/v2\/Pagecategories?post=35"}],"curies":[{"name":"wp","href":"https:\/\/api.w.org\/{rel}","templated":true}]}}